{"id":706,"date":"2020-11-30T16:20:17","date_gmt":"2020-11-30T15:20:17","guid":{"rendered":"https:\/\/assistnco77.fr\/?page_id=706"},"modified":"2020-12-02T08:26:54","modified_gmt":"2020-12-02T07:26:54","slug":"prenez-rendez-vous-pour-planifier-votre-demande","status":"publish","type":"page","link":"https:\/\/assistnco77.fr\/?page_id=706","title":{"rendered":"Prenez rendez-vous pour planifier votre demande"},"content":{"rendered":"\t\t<div data-elementor-type=\"wp-page\" data-elementor-id=\"706\" class=\"elementor elementor-706\" data-elementor-settings=\"[]\">\n\t\t\t\t\t\t<div class=\"elementor-inner\">\n\t\t\t\t\t\t\t<div class=\"elementor-section-wrap\">\n\t\t\t\t\t\t\t<section class=\"elementor-section elementor-top-section elementor-element elementor-element-cc985a0 elementor-section-boxed elementor-section-height-default elementor-section-height-default\" data-id=\"cc985a0\" data-element_type=\"section\">\n\t\t\t\t\t\t<div class=\"elementor-container elementor-column-gap-default\">\n\t\t\t\t\t\t\t<div class=\"elementor-row\">\n\t\t\t\t\t<div class=\"elementor-column elementor-col-100 elementor-top-column elementor-element elementor-element-358cf4b\" data-id=\"358cf4b\" data-element_type=\"column\">\n\t\t\t<div class=\"elementor-column-wrap elementor-element-populated\">\n\t\t\t\t\t\t\t<div class=\"elementor-widget-wrap\">\n\t\t\t\t\t\t<div class=\"elementor-element elementor-element-2998f48 elementor-widget elementor-widget-text-editor\" data-id=\"2998f48\" data-element_type=\"widget\" data-widget_type=\"text-editor.default\">\n\t\t\t\t<div class=\"elementor-widget-container\">\n\t\t\t\t\t\t\t\t<div class=\"elementor-text-editor elementor-clearfix\">\n\t\t\t\t<p>C&rsquo;est votre 1\u00e8re commande et vous voulez <span style=\"text-decoration: underline;\">planifier les jours d&rsquo;intervention<\/span> de votre Assistante,<\/p><p>Laisser les jours refl\u00e9tant vos besoins <span style=\"text-decoration: underline;\">ainsi que les horaires<\/span> que vous d\u00e9sirez et votre Assistante vous contactera dans les plus brefs d\u00e9lais afin d&rsquo;y r\u00e9pondre au mieux :<\/p>\t\t\t\t\t<\/div>\n\t\t\t\t\t\t<\/div>\n\t\t\t\t<\/div>\n\t\t\t\t<div class=\"elementor-element elementor-element-5886834 elementor-widget elementor-widget-wpforms\" data-id=\"5886834\" data-element_type=\"widget\" data-widget_type=\"wpforms.default\">\n\t\t\t\t<div class=\"elementor-widget-container\">\n\t\t\t<div class=\"wpforms-container wpforms-container-full\" id=\"wpforms-708\"><form id=\"wpforms-form-708\" class=\"wpforms-validate wpforms-form\" data-formid=\"708\" method=\"post\" enctype=\"multipart\/form-data\" action=\"\/index.php?rest_route=%2Fwp%2Fv2%2Fpages%2F706\" data-token=\"52316463528d5afe74841e13e76e1b09\"><div class=\"wpforms-head-container\"><div class=\"wpforms-title\">Prise de Rendez-vous<\/div><\/div><noscript class=\"wpforms-error-noscript\">Veuillez activer JavaScript dans votre navigateur pour remplir ce formulaire.<\/noscript><div class=\"wpforms-field-container\"><div id=\"wpforms-708-field_0-container\" class=\"wpforms-field wpforms-field-name\" data-field-id=\"0\"><label class=\"wpforms-field-label\" for=\"wpforms-708-field_0\">Contact <span class=\"wpforms-required-label\">*<\/span><\/label><div class=\"wpforms-field-row wpforms-field-medium\"><div class=\"wpforms-field-row-block wpforms-first wpforms-one-half\"><input type=\"text\" id=\"wpforms-708-field_0\" class=\"wpforms-field-name-first wpforms-field-required\" name=\"wpforms[fields][0][first]\" required><label for=\"wpforms-708-field_0\" class=\"wpforms-field-sublabel after \">Pr\u00e9nom<\/label><\/div><div class=\"wpforms-field-row-block wpforms-one-half\"><input type=\"text\" id=\"wpforms-708-field_0-last\" class=\"wpforms-field-name-last wpforms-field-required\" name=\"wpforms[fields][0][last]\" required><label for=\"wpforms-708-field_0-last\" class=\"wpforms-field-sublabel after \">Nom<\/label><\/div><\/div><\/div><div id=\"wpforms-708-field_6-container\" class=\"wpforms-field wpforms-field-text\" data-field-id=\"6\"><label class=\"wpforms-field-label\" for=\"wpforms-708-field_6\">Soci\u00e9t\u00e9 (si professionnel) <span class=\"wpforms-required-label\">*<\/span><\/label><input type=\"text\" id=\"wpforms-708-field_6\" class=\"wpforms-field-medium wpforms-field-required\" name=\"wpforms[fields][6]\" required><\/div><div id=\"wpforms-708-field_5-container\" class=\"wpforms-field wpforms-field-number\" data-field-id=\"5\"><label class=\"wpforms-field-label\" for=\"wpforms-708-field_5\">T\u00e9l\u00e9phone <span class=\"wpforms-required-label\">*<\/span><\/label><input type=\"number\" pattern=\"\\d*\" id=\"wpforms-708-field_5\" class=\"wpforms-field-medium wpforms-field-required\" name=\"wpforms[fields][5]\" required><\/div><div id=\"wpforms-708-field_1-container\" class=\"wpforms-field wpforms-field-email\" data-field-id=\"1\"><label class=\"wpforms-field-label\" for=\"wpforms-708-field_1\">E-mail <span class=\"wpforms-required-label\">*<\/span><\/label><input type=\"email\" id=\"wpforms-708-field_1\" class=\"wpforms-field-medium wpforms-field-required\" name=\"wpforms[fields][1]\" spellcheck=\"false\" required><\/div><div id=\"wpforms-708-field_4-container\" class=\"wpforms-field wpforms-field-radio wpforms-list-inline\" data-field-id=\"4\"><label class=\"wpforms-field-label\" for=\"wpforms-708-field_4\">Propositions des Jours de travail (choix multiple possible) <span class=\"wpforms-required-label\">*<\/span><\/label><ul id=\"wpforms-708-field_4\" class=\"wpforms-field-required\"><li class=\"choice-1 depth-1\"><input type=\"radio\" id=\"wpforms-708-field_4_1\" name=\"wpforms[fields][4]\" value=\"Lundi Matin\" required ><label class=\"wpforms-field-label-inline\" for=\"wpforms-708-field_4_1\">Lundi Matin<\/label><\/li><li class=\"choice-7 depth-1\"><input type=\"radio\" id=\"wpforms-708-field_4_7\" name=\"wpforms[fields][4]\" value=\"Lundi apr\u00e8s-midi\" required ><label class=\"wpforms-field-label-inline\" for=\"wpforms-708-field_4_7\">Lundi apr\u00e8s-midi<\/label><\/li><li class=\"choice-2 depth-1\"><input type=\"radio\" id=\"wpforms-708-field_4_2\" name=\"wpforms[fields][4]\" value=\"Mardi matin\" required ><label class=\"wpforms-field-label-inline\" for=\"wpforms-708-field_4_2\">Mardi matin<\/label><\/li><li class=\"choice-8 depth-1\"><input type=\"radio\" id=\"wpforms-708-field_4_8\" name=\"wpforms[fields][4]\" value=\"Mardi apr\u00e8s-midi\" required ><label class=\"wpforms-field-label-inline\" for=\"wpforms-708-field_4_8\">Mardi apr\u00e8s-midi<\/label><\/li><li class=\"choice-3 depth-1\"><input type=\"radio\" id=\"wpforms-708-field_4_3\" name=\"wpforms[fields][4]\" value=\"Mercredi matin\" required ><label class=\"wpforms-field-label-inline\" for=\"wpforms-708-field_4_3\">Mercredi matin<\/label><\/li><li class=\"choice-9 depth-1\"><input type=\"radio\" id=\"wpforms-708-field_4_9\" name=\"wpforms[fields][4]\" value=\"Mercredi apr\u00e8s-midi\" required ><label class=\"wpforms-field-label-inline\" for=\"wpforms-708-field_4_9\">Mercredi apr\u00e8s-midi<\/label><\/li><li class=\"choice-4 depth-1\"><input type=\"radio\" id=\"wpforms-708-field_4_4\" name=\"wpforms[fields][4]\" value=\"Jeudi matin\" required ><label class=\"wpforms-field-label-inline\" for=\"wpforms-708-field_4_4\">Jeudi matin<\/label><\/li><li class=\"choice-10 depth-1\"><input type=\"radio\" id=\"wpforms-708-field_4_10\" name=\"wpforms[fields][4]\" value=\"Jeudi apr\u00e8s-midi\" required ><label class=\"wpforms-field-label-inline\" for=\"wpforms-708-field_4_10\">Jeudi apr\u00e8s-midi<\/label><\/li><li class=\"choice-5 depth-1\"><input type=\"radio\" id=\"wpforms-708-field_4_5\" name=\"wpforms[fields][4]\" value=\"Vendredi matin\" required ><label class=\"wpforms-field-label-inline\" for=\"wpforms-708-field_4_5\">Vendredi matin<\/label><\/li><li class=\"choice-11 depth-1\"><input type=\"radio\" id=\"wpforms-708-field_4_11\" name=\"wpforms[fields][4]\" value=\"Vendredi apr\u00e8s-midi\" required ><label class=\"wpforms-field-label-inline\" for=\"wpforms-708-field_4_11\">Vendredi apr\u00e8s-midi<\/label><\/li><li class=\"choice-6 depth-1\"><input type=\"radio\" id=\"wpforms-708-field_4_6\" name=\"wpforms[fields][4]\" value=\"Samedi matin\" required ><label class=\"wpforms-field-label-inline\" for=\"wpforms-708-field_4_6\">Samedi matin<\/label><\/li><li class=\"choice-12 depth-1\"><input type=\"radio\" id=\"wpforms-708-field_4_12\" name=\"wpforms[fields][4]\" value=\"Samedi apr\u00e8s-midi\" required ><label class=\"wpforms-field-label-inline\" for=\"wpforms-708-field_4_12\">Samedi apr\u00e8s-midi<\/label><\/li><\/ul><\/div><div id=\"wpforms-708-field_9-container\" class=\"wpforms-field wpforms-field-checkbox\" data-field-id=\"9\"><label class=\"wpforms-field-label\" for=\"wpforms-708-field_9\">Nos propositions d&#039;horaires (choix multiple possible) <span class=\"wpforms-required-label\">*<\/span><\/label><ul id=\"wpforms-708-field_9\" class=\"wpforms-field-required\"><li class=\"choice-1 depth-1\"><input type=\"checkbox\" id=\"wpforms-708-field_9_1\" name=\"wpforms[fields][9][]\" value=\"sur site (9h - 13h et\/ou 13h - 17h)\" required ><label class=\"wpforms-field-label-inline\" for=\"wpforms-708-field_9_1\">sur site (9h - 13h et\/ou 13h - 17h)<\/label><\/li><li class=\"choice-2 depth-1\"><input type=\"checkbox\" id=\"wpforms-708-field_9_2\" name=\"wpforms[fields][9][]\" value=\"en t\u00e9l\u00e9travail (8h30 - 19h)\" required ><label class=\"wpforms-field-label-inline\" for=\"wpforms-708-field_9_2\">en t\u00e9l\u00e9travail (8h30 - 19h)<\/label><\/li><\/ul><\/div><div id=\"wpforms-708-field_2-container\" class=\"wpforms-field wpforms-field-textarea\" data-field-id=\"2\"><label class=\"wpforms-field-label\" for=\"wpforms-708-field_2\">Votre message (laissez nous vos disponibilit\u00e9s pour que l&#039;on vous rappelle sans vous d\u00e9ranger) <span class=\"wpforms-required-label\">*<\/span><\/label><textarea id=\"wpforms-708-field_2\" class=\"wpforms-field-medium wpforms-field-required\" name=\"wpforms[fields][2]\" required><\/textarea><\/div><\/div><!-- .wpforms-field-container --><div class=\"wpforms-submit-container\" ><input type=\"hidden\" name=\"wpforms[id]\" value=\"708\"><input type=\"hidden\" name=\"wpforms[author]\" value=\"1\"><button type=\"submit\" name=\"wpforms[submit]\" id=\"wpforms-submit-708\" class=\"wpforms-submit\" data-alt-text=\"Envoi en cours...\" data-submit-text=\"Je prend rendez-vous\" aria-live=\"assertive\" value=\"wpforms-submit\">Je prend rendez-vous<\/button><\/div><\/form><\/div>  <!-- .wpforms-container -->\t\t<\/div>\n\t\t\t\t<\/div>\n\t\t\t\t\t\t<\/div>\n\t\t\t\t\t<\/div>\n\t\t<\/div>\n\t\t\t\t\t\t\t\t<\/div>\n\t\t\t\t\t<\/div>\n\t\t<\/section>\n\t\t\t\t\t\t<\/div>\n\t\t\t\t\t\t<\/div>\n\t\t\t\t\t<\/div>\n\t\t","protected":false},"excerpt":{"rendered":"<p>C&rsquo;est votre 1\u00e8re commande et vous voulez planifier les jours d&rsquo;intervention de votre Assistante, Laisser les jours refl\u00e9tant vos besoins ainsi que les horaires que vous d\u00e9sirez et votre Assistante vous contactera dans les plus brefs d\u00e9lais afin d&rsquo;y r\u00e9pondre au mieux :<\/p>\n","protected":false},"author":1,"featured_media":0,"parent":0,"menu_order":0,"comment_status":"closed","ping_status":"closed","template":"","meta":{"ocean_post_layout":"","ocean_both_sidebars_style":"","ocean_both_sidebars_content_width":0,"ocean_both_sidebars_sidebars_width":0,"ocean_sidebar":"0","ocean_second_sidebar":"0","ocean_disable_margins":"enable","ocean_add_body_class":"","ocean_shortcode_before_top_bar":"","ocean_shortcode_after_top_bar":"","ocean_shortcode_before_header":"","ocean_shortcode_after_header":"","ocean_has_shortcode":"","ocean_shortcode_after_title":"","ocean_shortcode_before_footer_widgets":"","ocean_shortcode_after_footer_widgets":"","ocean_shortcode_before_footer_bottom":"","ocean_shortcode_after_footer_bottom":"","ocean_display_top_bar":"default","ocean_display_header":"default","ocean_header_style":"","ocean_center_header_left_menu":"0","ocean_custom_header_template":"0","ocean_custom_logo":0,"ocean_custom_retina_logo":0,"ocean_custom_logo_max_width":0,"ocean_custom_logo_tablet_max_width":0,"ocean_custom_logo_mobile_max_width":0,"ocean_custom_logo_max_height":0,"ocean_custom_logo_tablet_max_height":0,"ocean_custom_logo_mobile_max_height":0,"ocean_header_custom_menu":"0","ocean_menu_typo_font_family":"0","ocean_menu_typo_font_subset":"","ocean_menu_typo_font_size":0,"ocean_menu_typo_font_size_tablet":0,"ocean_menu_typo_font_size_mobile":0,"ocean_menu_typo_font_size_unit":"px","ocean_menu_typo_font_weight":"","ocean_menu_typo_font_weight_tablet":"","ocean_menu_typo_font_weight_mobile":"","ocean_menu_typo_transform":"","ocean_menu_typo_transform_tablet":"","ocean_menu_typo_transform_mobile":"","ocean_menu_typo_line_height":0,"ocean_menu_typo_line_height_tablet":0,"ocean_menu_typo_line_height_mobile":0,"ocean_menu_typo_line_height_unit":"","ocean_menu_typo_spacing":0,"ocean_menu_typo_spacing_tablet":0,"ocean_menu_typo_spacing_mobile":0,"ocean_menu_typo_spacing_unit":"","ocean_menu_link_color":"","ocean_menu_link_color_hover":"","ocean_menu_link_color_active":"","ocean_menu_link_background":"","ocean_menu_link_hover_background":"","ocean_menu_link_active_background":"","ocean_menu_social_links_bg":"","ocean_menu_social_hover_links_bg":"","ocean_menu_social_links_color":"","ocean_menu_social_hover_links_color":"","ocean_disable_title":"default","ocean_disable_heading":"default","ocean_post_title":"","ocean_post_subheading":"","ocean_post_title_style":"","ocean_post_title_background_color":"","ocean_post_title_background":0,"ocean_post_title_bg_image_position":"","ocean_post_title_bg_image_attachment":"","ocean_post_title_bg_image_repeat":"","ocean_post_title_bg_image_size":"","ocean_post_title_height":0,"ocean_post_title_bg_overlay":0.5,"ocean_post_title_bg_overlay_color":"","ocean_disable_breadcrumbs":"default","ocean_breadcrumbs_color":"","ocean_breadcrumbs_separator_color":"","ocean_breadcrumbs_links_color":"","ocean_breadcrumbs_links_hover_color":"","ocean_display_footer_widgets":"default","ocean_display_footer_bottom":"default","ocean_custom_footer_template":"0","footnotes":""},"jetpack_sharing_enabled":true,"_links":{"self":[{"href":"https:\/\/assistnco77.fr\/index.php?rest_route=\/wp\/v2\/pages\/706"}],"collection":[{"href":"https:\/\/assistnco77.fr\/index.php?rest_route=\/wp\/v2\/pages"}],"about":[{"href":"https:\/\/assistnco77.fr\/index.php?rest_route=\/wp\/v2\/types\/page"}],"author":[{"embeddable":true,"href":"https:\/\/assistnco77.fr\/index.php?rest_route=\/wp\/v2\/users\/1"}],"replies":[{"embeddable":true,"href":"https:\/\/assistnco77.fr\/index.php?rest_route=%2Fwp%2Fv2%2Fcomments&post=706"}],"version-history":[{"count":10,"href":"https:\/\/assistnco77.fr\/index.php?rest_route=\/wp\/v2\/pages\/706\/revisions"}],"predecessor-version":[{"id":734,"href":"https:\/\/assistnco77.fr\/index.php?rest_route=\/wp\/v2\/pages\/706\/revisions\/734"}],"wp:attachment":[{"href":"https:\/\/assistnco77.fr\/index.php?rest_route=%2Fwp%2Fv2%2Fmedia&parent=706"}],"curies":[{"name":"wp","href":"https:\/\/api.w.org\/{rel}","templated":true}]}}