{"id":900,"date":"2021-12-21T12:41:09","date_gmt":"2021-12-21T11:41:09","guid":{"rendered":"https:\/\/assistnco77.fr\/?page_id=900"},"modified":"2021-12-21T12:57:30","modified_gmt":"2021-12-21T11:57:30","slug":"sepremuniretousoignerunmaldedos","status":"publish","type":"page","link":"https:\/\/assistnco77.fr\/?page_id=900","title":{"rendered":"Se pr\u00e9munir et\/ou soigner un mal de dos"},"content":{"rendered":"\t\t<div data-elementor-type=\"wp-page\" data-elementor-id=\"900\" class=\"elementor elementor-900\" data-elementor-settings=\"[]\">\n\t\t\t\t\t\t<div class=\"elementor-inner\">\n\t\t\t\t\t\t\t<div class=\"elementor-section-wrap\">\n\t\t\t\t\t\t\t<section class=\"elementor-section elementor-top-section elementor-element elementor-element-8583efe elementor-section-boxed elementor-section-height-default elementor-section-height-default\" data-id=\"8583efe\" data-element_type=\"section\">\n\t\t\t\t\t\t<div class=\"elementor-container elementor-column-gap-default\">\n\t\t\t\t\t\t\t<div class=\"elementor-row\">\n\t\t\t\t\t<div class=\"elementor-column elementor-col-100 elementor-top-column elementor-element elementor-element-995c3c6\" data-id=\"995c3c6\" data-element_type=\"column\">\n\t\t\t<div class=\"elementor-column-wrap elementor-element-populated\">\n\t\t\t\t\t\t\t<div class=\"elementor-widget-wrap\">\n\t\t\t\t\t\t<div class=\"elementor-element elementor-element-2612b6d elementor-widget elementor-widget-heading\" data-id=\"2612b6d\" data-element_type=\"widget\" data-widget_type=\"heading.default\">\n\t\t\t\t<div class=\"elementor-widget-container\">\n\t\t\t<h2 class=\"elementor-heading-title elementor-size-default\"><a href=\"https:\/\/www.youtube.com\/channel\/UCSLpcEc3Q9njl2BMVjHdBHA\">Comment se pr\u00e9munir et\/ou soulager une lombalgie?<\/a><\/h2>\t\t<\/div>\n\t\t\t\t<\/div>\n\t\t\t\t<section class=\"elementor-section elementor-inner-section elementor-element elementor-element-93ad171 elementor-section-boxed elementor-section-height-default elementor-section-height-default\" data-id=\"93ad171\" data-element_type=\"section\">\n\t\t\t\t\t\t<div class=\"elementor-container elementor-column-gap-default\">\n\t\t\t\t\t\t\t<div class=\"elementor-row\">\n\t\t\t\t\t<div class=\"elementor-column elementor-col-50 elementor-inner-column elementor-element elementor-element-a52d615\" data-id=\"a52d615\" data-element_type=\"column\">\n\t\t\t<div class=\"elementor-column-wrap elementor-element-populated\">\n\t\t\t\t\t\t\t<div class=\"elementor-widget-wrap\">\n\t\t\t\t\t\t<div class=\"elementor-element elementor-element-1fdf73b elementor-widget elementor-widget-image\" data-id=\"1fdf73b\" data-element_type=\"widget\" data-widget_type=\"image.default\">\n\t\t\t\t<div class=\"elementor-widget-container\">\n\t\t\t\t\t\t\t\t<div class=\"elementor-image\">\n\t\t\t\t\t\t\t\t\t\t\t\t<img loading=\"lazy\" decoding=\"async\" width=\"413\" height=\"132\" src=\"https:\/\/assistnco77.fr\/wp-content\/uploads\/2021\/12\/alex-photo.jpg\" class=\"attachment-large size-large\" alt=\"\" srcset=\"https:\/\/assistnco77.fr\/wp-content\/uploads\/2021\/12\/alex-photo.jpg 413w, https:\/\/assistnco77.fr\/wp-content\/uploads\/2021\/12\/alex-photo-300x96.jpg 300w\" sizes=\"(max-width: 413px) 100vw, 413px\" \/>\t\t\t\t\t\t\t\t\t\t\t\t\t\t<\/div>\n\t\t\t\t\t\t<\/div>\n\t\t\t\t<\/div>\n\t\t\t\t\t\t<\/div>\n\t\t\t\t\t<\/div>\n\t\t<\/div>\n\t\t\t\t<div class=\"elementor-column elementor-col-50 elementor-inner-column elementor-element elementor-element-65a5cea\" data-id=\"65a5cea\" data-element_type=\"column\">\n\t\t\t<div class=\"elementor-column-wrap elementor-element-populated\">\n\t\t\t\t\t\t\t<div class=\"elementor-widget-wrap\">\n\t\t\t\t\t\t<div class=\"elementor-element elementor-element-5b65cf1 elementor-widget elementor-widget-text-editor\" data-id=\"5b65cf1\" data-element_type=\"widget\" data-widget_type=\"text-editor.default\">\n\t\t\t\t<div class=\"elementor-widget-container\">\n\t\t\t\t\t\t\t\t<div class=\"elementor-text-editor elementor-clearfix\">\n\t\t\t\t<p>Voici Alexandre, Kin\u00e9sith\u00e9rapeute et conseiller Bien-\u00eatre<\/p>\t\t\t\t\t<\/div>\n\t\t\t\t\t\t<\/div>\n\t\t\t\t<\/div>\n\t\t\t\t\t\t<\/div>\n\t\t\t\t\t<\/div>\n\t\t<\/div>\n\t\t\t\t\t\t\t\t<\/div>\n\t\t\t\t\t<\/div>\n\t\t<\/section>\n\t\t\t\t\t\t<\/div>\n\t\t\t\t\t<\/div>\n\t\t<\/div>\n\t\t\t\t\t\t\t\t<\/div>\n\t\t\t\t\t<\/div>\n\t\t<\/section>\n\t\t\t\t<section class=\"elementor-section elementor-top-section elementor-element elementor-element-5c879a4 elementor-section-boxed elementor-section-height-default elementor-section-height-default\" data-id=\"5c879a4\" data-element_type=\"section\">\n\t\t\t\t\t\t<div class=\"elementor-container elementor-column-gap-default\">\n\t\t\t\t\t\t\t<div class=\"elementor-row\">\n\t\t\t\t\t<div class=\"elementor-column elementor-col-100 elementor-top-column elementor-element elementor-element-c243d17\" data-id=\"c243d17\" data-element_type=\"column\">\n\t\t\t<div class=\"elementor-column-wrap elementor-element-populated\">\n\t\t\t\t\t\t\t<div class=\"elementor-widget-wrap\">\n\t\t\t\t\t\t<section class=\"elementor-section elementor-inner-section elementor-element elementor-element-6151bbf elementor-section-boxed elementor-section-height-default elementor-section-height-default\" data-id=\"6151bbf\" data-element_type=\"section\">\n\t\t\t\t\t\t<div class=\"elementor-container elementor-column-gap-default\">\n\t\t\t\t\t\t\t<div class=\"elementor-row\">\n\t\t\t\t\t<div class=\"elementor-column elementor-col-50 elementor-inner-column elementor-element elementor-element-f95a34b\" data-id=\"f95a34b\" data-element_type=\"column\">\n\t\t\t<div class=\"elementor-column-wrap elementor-element-populated\">\n\t\t\t\t\t\t\t<div class=\"elementor-widget-wrap\">\n\t\t\t\t\t\t<div class=\"elementor-element elementor-element-bd1fe3c elementor-widget elementor-widget-text-editor\" data-id=\"bd1fe3c\" data-element_type=\"widget\" data-widget_type=\"text-editor.default\">\n\t\t\t\t<div class=\"elementor-widget-container\">\n\t\t\t\t\t\t\t\t<div class=\"elementor-text-editor elementor-clearfix\">\n\t\t\t\t<p>Aujourd&rsquo;hui je vous parle de lui car votre assistante est malheureusement bloqu\u00e9e \u00e0 cause d&rsquo;un dos r\u00e9calcitrant et douloureux.<\/p><p>D\u00e9couvrez sa cha\u00eene Youtube et soignez-vous car la sant\u00e9 c&rsquo;est la vie !<\/p>\t\t\t\t\t<\/div>\n\t\t\t\t\t\t<\/div>\n\t\t\t\t<\/div>\n\t\t\t\t\t\t<\/div>\n\t\t\t\t\t<\/div>\n\t\t<\/div>\n\t\t\t\t<div class=\"elementor-column elementor-col-50 elementor-inner-column elementor-element elementor-element-709b29d\" data-id=\"709b29d\" data-element_type=\"column\">\n\t\t\t<div class=\"elementor-column-wrap elementor-element-populated\">\n\t\t\t\t\t\t\t<div class=\"elementor-widget-wrap\">\n\t\t\t\t\t\t<div class=\"elementor-element elementor-element-7a0e7fe elementor-widget elementor-widget-image\" data-id=\"7a0e7fe\" data-element_type=\"widget\" data-widget_type=\"image.default\">\n\t\t\t\t<div class=\"elementor-widget-container\">\n\t\t\t\t\t\t\t\t<div class=\"elementor-image\">\n\t\t\t\t\t\t\t\t\t\t\t\t<img loading=\"lazy\" decoding=\"async\" width=\"629\" height=\"501\" src=\"https:\/\/assistnco77.fr\/wp-content\/uploads\/2021\/12\/alex-videos.jpg\" class=\"attachment-large size-large\" alt=\"\" srcset=\"https:\/\/assistnco77.fr\/wp-content\/uploads\/2021\/12\/alex-videos.jpg 629w, https:\/\/assistnco77.fr\/wp-content\/uploads\/2021\/12\/alex-videos-300x239.jpg 300w, https:\/\/assistnco77.fr\/wp-content\/uploads\/2021\/12\/alex-videos-600x478.jpg 600w\" sizes=\"(max-width: 629px) 100vw, 629px\" \/>\t\t\t\t\t\t\t\t\t\t\t\t\t\t<\/div>\n\t\t\t\t\t\t<\/div>\n\t\t\t\t<\/div>\n\t\t\t\t<div class=\"elementor-element elementor-element-bac4ab7 elementor-widget elementor-widget-button\" data-id=\"bac4ab7\" data-element_type=\"widget\" data-widget_type=\"button.default\">\n\t\t\t\t<div class=\"elementor-widget-container\">\n\t\t\t\t\t<div class=\"elementor-button-wrapper\">\n\t\t\t<a href=\"\" class=\"elementor-button-link elementor-button elementor-size-sm\" role=\"button\">\n\t\t\t\t\t\t<span class=\"elementor-button-content-wrapper\">\n\t\t\t\t\t\t<span class=\"elementor-button-icon elementor-align-icon-left\">\n\t\t\t\t<i aria-hidden=\"true\" class=\"far fa-eye\"><\/i>\t\t\t<\/span>\n\t\t\t\t\t\t<span class=\"elementor-button-text\">sa Cha\u00eene Youtube<\/span>\n\t\t<\/span>\n\t\t\t\t\t<\/a>\n\t\t<\/div>\n\t\t\t\t<\/div>\n\t\t\t\t<\/div>\n\t\t\t\t\t\t<\/div>\n\t\t\t\t\t<\/div>\n\t\t<\/div>\n\t\t\t\t\t\t\t\t<\/div>\n\t\t\t\t\t<\/div>\n\t\t<\/section>\n\t\t\t\t\t\t<\/div>\n\t\t\t\t\t<\/div>\n\t\t<\/div>\n\t\t\t\t\t\t\t\t<\/div>\n\t\t\t\t\t<\/div>\n\t\t<\/section>\n\t\t\t\t<section class=\"elementor-section elementor-top-section elementor-element elementor-element-f8e7735 elementor-section-boxed elementor-section-height-default elementor-section-height-default\" data-id=\"f8e7735\" data-element_type=\"section\">\n\t\t\t\t\t\t<div class=\"elementor-container elementor-column-gap-default\">\n\t\t\t\t\t\t\t<div class=\"elementor-row\">\n\t\t\t\t\t<div class=\"elementor-column elementor-col-100 elementor-top-column elementor-element elementor-element-099a863\" data-id=\"099a863\" data-element_type=\"column\">\n\t\t\t<div class=\"elementor-column-wrap elementor-element-populated\">\n\t\t\t\t\t\t\t<div class=\"elementor-widget-wrap\">\n\t\t\t\t\t\t<div class=\"elementor-element elementor-element-3e74a99 elementor-widget elementor-widget-text-editor\" data-id=\"3e74a99\" data-element_type=\"widget\" data-widget_type=\"text-editor.default\">\n\t\t\t\t<div class=\"elementor-widget-container\">\n\t\t\t\t\t\t\t\t<div class=\"elementor-text-editor elementor-clearfix\">\n\t\t\t\t<p>Vous n&rsquo;arrivez pas \u00e0 consulter un sp\u00e9cialiste pour vous soulager ? Moi non plus!<\/p><p>Malheureusement, nous vivons dans un pays o\u00f9 la sant\u00e9 et le Bien-\u00eatre doit \u00eatre pris \u00e0 bras le corps! Les m\u00e9decins sont de moins en moins disponibles, les services de sant\u00e9 vous donne des rendez-vous avec de 1 \u00e0 6 mois, voir 1 ans d&rsquo;attente&#8230;<\/p><p>Moi, j&rsquo;en ai eu marre d&rsquo;attendre pour aller mieux et me soigner pour \u00e9viter que mon \u00e9tat n&#8217;empire! Je tiens \u00e0 vivre ma retraite dans les meilleures conditions physiques et mentale, pas vous ?<\/p><p>Alors voil\u00e0 ce que j&rsquo;ai fait : je me suis abonn\u00e9e \u00e0 sa <a href=\"https:\/\/www.youtube.com\/channel\/UCSLpcEc3Q9njl2BMVjHdBHA\">cha\u00eene Youtube<\/a> qui m&rsquo;a \u00e9pauler dans tous mes petits maux quotidiens et surtout, dans mon \u00e9tat actuel.\u00a0<\/p><p>Mon dos lui dit Merci et grace \u00e0 lui, je prend moins d&rsquo;antalgiques qui me font dormir toute la journ\u00e9e.\u00a0<span style=\"font-size: 30px; color: var( --e-global-color-text ); text-transform: var( --e-global-typography-text-text-transform );\">Et je vais retrouver mes client dans une forme olympique.<\/span><\/p><p><span style=\"font-size: 30px; color: var( --e-global-color-text ); text-transform: var( --e-global-typography-text-text-transform );\">Alors Votre Assistante vous dit merci pour votre compr\u00e9hension et votre patience.<\/span><\/p><p>Je fais au mieux et au plus vite pour r\u00e9pondre, de nouveau et avec encore plus de forme, \u00e0 vos besoins afin de vous rendre la vie plus facile et plus agr\u00e9able.<\/p><p>\u00c0 bient\u00f4t dans nos prochains \u00e9changes !<\/p><p>\u00a0<\/p>\t\t\t\t\t<\/div>\n\t\t\t\t\t\t<\/div>\n\t\t\t\t<\/div>\n\t\t\t\t<div class=\"elementor-element elementor-element-8ebec37 elementor-widget elementor-widget-image\" data-id=\"8ebec37\" data-element_type=\"widget\" data-widget_type=\"image.default\">\n\t\t\t\t<div class=\"elementor-widget-container\">\n\t\t\t\t\t\t\t\t<div class=\"elementor-image\">\n\t\t\t\t\t\t\t\t\t\t\t\t<img loading=\"lazy\" decoding=\"async\" width=\"1024\" height=\"1024\" src=\"https:\/\/assistnco77.fr\/wp-content\/uploads\/2021\/12\/merci-1024x1024.png\" class=\"attachment-large size-large\" alt=\"\" srcset=\"https:\/\/assistnco77.fr\/wp-content\/uploads\/2021\/12\/merci-1024x1024.png 1024w, https:\/\/assistnco77.fr\/wp-content\/uploads\/2021\/12\/merci-300x300.png 300w, https:\/\/assistnco77.fr\/wp-content\/uploads\/2021\/12\/merci-150x150.png 150w, https:\/\/assistnco77.fr\/wp-content\/uploads\/2021\/12\/merci-768x768.png 768w, https:\/\/assistnco77.fr\/wp-content\/uploads\/2021\/12\/merci-600x600.png 600w, https:\/\/assistnco77.fr\/wp-content\/uploads\/2021\/12\/merci-100x100.png 100w, https:\/\/assistnco77.fr\/wp-content\/uploads\/2021\/12\/merci.png 1080w\" sizes=\"(max-width: 1024px) 100vw, 1024px\" \/>\t\t\t\t\t\t\t\t\t\t\t\t\t\t<\/div>\n\t\t\t\t\t\t<\/div>\n\t\t\t\t<\/div>\n\t\t\t\t\t\t<\/div>\n\t\t\t\t\t<\/div>\n\t\t<\/div>\n\t\t\t\t\t\t\t\t<\/div>\n\t\t\t\t\t<\/div>\n\t\t<\/section>\n\t\t\t\t\t\t<\/div>\n\t\t\t\t\t\t<\/div>\n\t\t\t\t\t<\/div>\n\t\t","protected":false},"excerpt":{"rendered":"<p>Comment se pr\u00e9munir et\/ou soulager une lombalgie? Voici Alexandre, Kin\u00e9sith\u00e9rapeute et conseiller Bien-\u00eatre Aujourd&rsquo;hui je vous parle de lui car votre assistante est malheureusement bloqu\u00e9e \u00e0 cause d&rsquo;un dos r\u00e9calcitrant et douloureux. D\u00e9couvrez sa cha\u00eene Youtube et soignez-vous car la sant\u00e9 c&rsquo;est la vie ! sa Cha\u00eene Youtube Vous n&rsquo;arrivez pas \u00e0 consulter un sp\u00e9cialiste [&hellip;]<\/p>\n","protected":false},"author":1,"featured_media":0,"parent":16,"menu_order":0,"comment_status":"open","ping_status":"closed","template":"","meta":{"ocean_post_layout":"","ocean_both_sidebars_style":"","ocean_both_sidebars_content_width":0,"ocean_both_sidebars_sidebars_width":0,"ocean_sidebar":"0","ocean_second_sidebar":"0","ocean_disable_margins":"enable","ocean_add_body_class":"","ocean_shortcode_before_top_bar":"","ocean_shortcode_after_top_bar":"","ocean_shortcode_before_header":"","ocean_shortcode_after_header":"","ocean_has_shortcode":"","ocean_shortcode_after_title":"","ocean_shortcode_before_footer_widgets":"","ocean_shortcode_after_footer_widgets":"","ocean_shortcode_before_footer_bottom":"","ocean_shortcode_after_footer_bottom":"","ocean_display_top_bar":"default","ocean_display_header":"default","ocean_header_style":"","ocean_center_header_left_menu":"0","ocean_custom_header_template":"0","ocean_custom_logo":0,"ocean_custom_retina_logo":0,"ocean_custom_logo_max_width":0,"ocean_custom_logo_tablet_max_width":0,"ocean_custom_logo_mobile_max_width":0,"ocean_custom_logo_max_height":0,"ocean_custom_logo_tablet_max_height":0,"ocean_custom_logo_mobile_max_height":0,"ocean_header_custom_menu":"0","ocean_menu_typo_font_family":"0","ocean_menu_typo_font_subset":"","ocean_menu_typo_font_size":0,"ocean_menu_typo_font_size_tablet":0,"ocean_menu_typo_font_size_mobile":0,"ocean_menu_typo_font_size_unit":"px","ocean_menu_typo_font_weight":"","ocean_menu_typo_font_weight_tablet":"","ocean_menu_typo_font_weight_mobile":"","ocean_menu_typo_transform":"","ocean_menu_typo_transform_tablet":"","ocean_menu_typo_transform_mobile":"","ocean_menu_typo_line_height":0,"ocean_menu_typo_line_height_tablet":0,"ocean_menu_typo_line_height_mobile":0,"ocean_menu_typo_line_height_unit":"","ocean_menu_typo_spacing":0,"ocean_menu_typo_spacing_tablet":0,"ocean_menu_typo_spacing_mobile":0,"ocean_menu_typo_spacing_unit":"","ocean_menu_link_color":"","ocean_menu_link_color_hover":"","ocean_menu_link_color_active":"","ocean_menu_link_background":"","ocean_menu_link_hover_background":"","ocean_menu_link_active_background":"","ocean_menu_social_links_bg":"","ocean_menu_social_hover_links_bg":"","ocean_menu_social_links_color":"","ocean_menu_social_hover_links_color":"","ocean_disable_title":"default","ocean_disable_heading":"default","ocean_post_title":"","ocean_post_subheading":"","ocean_post_title_style":"","ocean_post_title_background_color":"","ocean_post_title_background":0,"ocean_post_title_bg_image_position":"","ocean_post_title_bg_image_attachment":"","ocean_post_title_bg_image_repeat":"","ocean_post_title_bg_image_size":"","ocean_post_title_height":0,"ocean_post_title_bg_overlay":0.5,"ocean_post_title_bg_overlay_color":"","ocean_disable_breadcrumbs":"default","ocean_breadcrumbs_color":"","ocean_breadcrumbs_separator_color":"","ocean_breadcrumbs_links_color":"","ocean_breadcrumbs_links_hover_color":"","ocean_display_footer_widgets":"default","ocean_display_footer_bottom":"default","ocean_custom_footer_template":"0","footnotes":""},"jetpack_sharing_enabled":true,"_links":{"self":[{"href":"https:\/\/assistnco77.fr\/index.php?rest_route=\/wp\/v2\/pages\/900"}],"collection":[{"href":"https:\/\/assistnco77.fr\/index.php?rest_route=\/wp\/v2\/pages"}],"about":[{"href":"https:\/\/assistnco77.fr\/index.php?rest_route=\/wp\/v2\/types\/page"}],"author":[{"embeddable":true,"href":"https:\/\/assistnco77.fr\/index.php?rest_route=\/wp\/v2\/users\/1"}],"replies":[{"embeddable":true,"href":"https:\/\/assistnco77.fr\/index.php?rest_route=%2Fwp%2Fv2%2Fcomments&post=900"}],"version-history":[{"count":6,"href":"https:\/\/assistnco77.fr\/index.php?rest_route=\/wp\/v2\/pages\/900\/revisions"}],"predecessor-version":[{"id":909,"href":"https:\/\/assistnco77.fr\/index.php?rest_route=\/wp\/v2\/pages\/900\/revisions\/909"}],"up":[{"embeddable":true,"href":"https:\/\/assistnco77.fr\/index.php?rest_route=\/wp\/v2\/pages\/16"}],"wp:attachment":[{"href":"https:\/\/assistnco77.fr\/index.php?rest_route=%2Fwp%2Fv2%2Fmedia&parent=900"}],"curies":[{"name":"wp","href":"https:\/\/api.w.org\/{rel}","templated":true}]}}